{"id":557,"date":"2025-07-30T17:14:36","date_gmt":"2025-07-30T20:14:36","guid":{"rendered":"https:\/\/pediatriaciep.com.br\/ciep\/?page_id=557"},"modified":"2025-07-30T17:21:46","modified_gmt":"2025-07-30T20:21:46","slug":"dra-raisa-elena-t-pinheiro","status":"publish","type":"page","link":"https:\/\/pediatriaciep.com.br\/ciep\/dra-raisa-elena-t-pinheiro\/","title":{"rendered":"Dra. Raisa Elena T. Pinheiro"},"content":{"rendered":"\n<div class=\"topopgs\"><div class=\"centro-linha\"><span class=\"titulopgs\">NOSSOS M\u00c9DICOS<\/span><div class=\"linha\"><\/div><em>Conhe\u00e7a os m\u00e9dicos que atendem no CIEP e suas \u00e1reas de atua\u00e7\u00e3o<\/em><\/div><\/div><div class=\"barra\"><\/div>\n\n\n\n<div class=\"wp-block-advgb-columns advgb-columns-wrapper\" id=\"advgb-cols-7ca61f33-44fb-40fb-a2b5-af9efd1b6e84\"><div class=\"advgb-columns-container\"><div class=\"advgb-columns advgb-columns-row advgb-is-mobile advgb-columns-2 layout-13-23 mbl-layout-stacked vgutter-10\" style=\"max-width:1050px\">\n<div class=\"wp-block-advgb-column advgb-column advgb-is-one-third-tablet advgb-is-full-mobile\" id=\"advgb-col-c5e193a7-5329-416b-9916-ebbe5077b9ac\"><div class=\"advgb-column-inner\" style=\"border-style:none;border-width:1px\">\n<figure class=\"wp-block-image size-full efeitoimagem\"><img loading=\"lazy\" decoding=\"async\" width=\"431\" height=\"612\" src=\"https:\/\/pediatriaciep.com.br\/ciep\/wp-content\/uploads\/2025\/07\/dra-raisa-g.png\" alt=\"\" class=\"wp-image-560\" srcset=\"https:\/\/pediatriaciep.com.br\/ciep\/wp-content\/uploads\/2025\/07\/dra-raisa-g.png 431w, https:\/\/pediatriaciep.com.br\/ciep\/wp-content\/uploads\/2025\/07\/dra-raisa-g-211x300.png 211w\" sizes=\"auto, (max-width: 431px) 100vw, 431px\" \/><\/figure>\n<\/div><\/div>\n\n\n\n<div class=\"wp-block-advgb-column advgb-column advgb-is-two-thirds-tablet advgb-is-full-mobile\" id=\"advgb-col-32aaeb66-4719-423a-a953-82f97c3fc2f4\"><div class=\"advgb-column-inner\" style=\"border-style:none;border-width:1px\">\n<h2 class=\"wp-block-heading\"><strong>Dra. Raisa Elena T. Pinheiro<\/strong><\/h2>\n\n\n\n<p>CRM 34239<br>Pneumologista Pediatrica<\/p>\n\n\n\n<p>Formada na Universidade do Estado do Par\u00e1 &#8211; 2014<\/p>\n\n\n\n<p><strong>Atende aos Conv\u00eanios:<br><\/strong>Amil<br>Angeli<br>Particular<br>Unimed <br>Voam<\/p>\n\n\n\n<p><\/p>\n<\/div><\/div>\n<\/div><\/div><\/div>\n<style class=\"advgb-styles-renderer\">#advgb-col-c5e193a7-5329-416b-9916-ebbe5077b9ac>.advgb-column-inner{padding-top:20px;padding-right:20px;padding-bottom:20px;padding-left:20px;}#advgb-col-c5e193a7-5329-416b-9916-ebbe5077b9ac{width: 0%;}@media screen and (max-width: 1023px) {#advgb-col-c5e193a7-5329-416b-9916-ebbe5077b9ac>.advgb-column-inner{}}@media screen and (max-width: 767px) {#advgb-col-c5e193a7-5329-416b-9916-ebbe5077b9ac>.advgb-column-inner{}}#advgb-col-32aaeb66-4719-423a-a953-82f97c3fc2f4>.advgb-column-inner{padding-top:20px;padding-right:20px;padding-bottom:20px;padding-left:20px;}#advgb-col-32aaeb66-4719-423a-a953-82f97c3fc2f4{width: 0%;}@media screen and (max-width: 1023px) {#advgb-col-32aaeb66-4719-423a-a953-82f97c3fc2f4>.advgb-column-inner{}}@media screen and (max-width: 767px) {#advgb-col-32aaeb66-4719-423a-a953-82f97c3fc2f4>.advgb-column-inner{}}#advgb-cols-7ca61f33-44fb-40fb-a2b5-af9efd1b6e84{padding-top:20px;}@media screen and (max-width: 1023px) {#advgb-cols-7ca61f33-44fb-40fb-a2b5-af9efd1b6e84{}}@media screen and (max-width: 767px) {#advgb-cols-7ca61f33-44fb-40fb-a2b5-af9efd1b6e84{}}#advgb-col-c5e193a7-5329-416b-9916-ebbe5077b9ac>.advgb-column-inner{padding-top:20px;padding-right:20px;padding-bottom:20px;padding-left:20px;}#advgb-col-c5e193a7-5329-416b-9916-ebbe5077b9ac{width: 0%;}@media screen and (max-width: 1023px) {#advgb-col-c5e193a7-5329-416b-9916-ebbe5077b9ac>.advgb-column-inner{}}@media screen and (max-width: 767px) {#advgb-col-c5e193a7-5329-416b-9916-ebbe5077b9ac>.advgb-column-inner{}}#advgb-col-32aaeb66-4719-423a-a953-82f97c3fc2f4>.advgb-column-inner{padding-top:20px;padding-right:20px;padding-bottom:20px;padding-left:20px;}#advgb-col-32aaeb66-4719-423a-a953-82f97c3fc2f4{width: 0%;}@media screen and (max-width: 1023px) {#advgb-col-32aaeb66-4719-423a-a953-82f97c3fc2f4>.advgb-column-inner{}}@media screen and (max-width: 767px) {#advgb-col-32aaeb66-4719-423a-a953-82f97c3fc2f4>.advgb-column-inner{}}<\/style>","protected":false},"excerpt":{"rendered":"<p>NOSSOS M\u00c9DICOS Conhe\u00e7a os m\u00e9dicos que atendem no CIEP e suas \u00e1reas de atua\u00e7\u00e3o<\/p>\n","protected":false},"author":1,"featured_media":0,"parent":0,"menu_order":0,"comment_status":"closed","ping_status":"closed","template":"","meta":{"advgb_blocks_editor_width":"","advgb_blocks_columns_visual_guide":"","site-sidebar-layout":"default","site-content-layout":"default","ast-global-header-display":"","ast-main-header-display":"","ast-hfb-above-header-display":"","ast-hfb-below-header-display":"","ast-hfb-mobile-header-display":"","site-post-title":"disabled","ast-breadcrumbs-content":"","ast-featured-img":"","footer-sml-layout":"","theme-transparent-header-meta":"","adv-header-id-meta":"","stick-header-meta":"","header-above-stick-meta":"","header-main-stick-meta":"","header-below-stick-meta":"","footnotes":""},"class_list":["post-557","page","type-page","status-publish","hentry"],"coauthors":[],"author_meta":{"author_link":"https:\/\/pediatriaciep.com.br\/ciep\/author\/adm_ciep\/","display_name":"ADM_Ciep"},"relative_dates":{"created":"Posted 9 meses ago","modified":"Updated 9 meses ago"},"absolute_dates":{"created":"Posted on 30 de julho de 2025","modified":"Updated on 30 de julho de 2025"},"absolute_dates_time":{"created":"Posted on 30 de julho de 2025 17:14","modified":"Updated on 30 de julho de 2025 17:21"},"featured_img_caption":"","featured_img":false,"series_order":"","uagb_featured_image_src":{"full":false,"thumbnail":false,"medium":false,"medium_large":false,"large":false,"1536x1536":false,"2048x2048":false},"uagb_author_info":{"display_name":"ADM_Ciep","author_link":"https:\/\/pediatriaciep.com.br\/ciep\/author\/adm_ciep\/"},"uagb_comment_info":0,"uagb_excerpt":"NOSSOS M\u00c9DICOS Conhe\u00e7a os m\u00e9dicos que atendem no CIEP e suas \u00e1reas de atua\u00e7\u00e3o","_links":{"self":[{"href":"https:\/\/pediatriaciep.com.br\/ciep\/wp-json\/wp\/v2\/pages\/557","targetHints":{"allow":["GET"]}}],"collection":[{"href":"https:\/\/pediatriaciep.com.br\/ciep\/wp-json\/wp\/v2\/pages"}],"about":[{"href":"https:\/\/pediatriaciep.com.br\/ciep\/wp-json\/wp\/v2\/types\/page"}],"author":[{"embeddable":true,"href":"https:\/\/pediatriaciep.com.br\/ciep\/wp-json\/wp\/v2\/users\/1"}],"replies":[{"embeddable":true,"href":"https:\/\/pediatriaciep.com.br\/ciep\/wp-json\/wp\/v2\/comments?post=557"}],"version-history":[{"count":4,"href":"https:\/\/pediatriaciep.com.br\/ciep\/wp-json\/wp\/v2\/pages\/557\/revisions"}],"predecessor-version":[{"id":566,"href":"https:\/\/pediatriaciep.com.br\/ciep\/wp-json\/wp\/v2\/pages\/557\/revisions\/566"}],"wp:attachment":[{"href":"https:\/\/pediatriaciep.com.br\/ciep\/wp-json\/wp\/v2\/media?parent=557"}],"curies":[{"name":"wp","href":"https:\/\/api.w.org\/{rel}","templated":true}]}}