{"id":19,"date":"2022-08-22T21:54:51","date_gmt":"2022-08-23T00:54:51","guid":{"rendered":"http:\/\/pediatriaciep.com.br\/ciep\/?page_id=19"},"modified":"2026-01-15T14:55:44","modified_gmt":"2026-01-15T17:55:44","slug":"estrutura","status":"publish","type":"page","link":"https:\/\/pediatriaciep.com.br\/ciep\/estrutura\/","title":{"rendered":"Estrutura"},"content":{"rendered":"\n<div class=\"topopgs\"><div class=\"centro-linha\"><span class=\"titulopgs\">ESTRUTURA<\/span><div class=\"linha\"><\/div><em>Veja os consult\u00f3rios planejados e os equipamentos de \u00faltima gera\u00e7\u00e3o do CIEP.<\/em><\/div><\/div><div class=\"barra\"><\/div>\n\n\n\n<div class=\"wp-block-advgb-columns advgb-columns-wrapper\" id=\"advgb-cols-65720d46-4879-4dd7-8341-4137c0295439\"><div class=\"advgb-columns-container\"><div class=\"advgb-columns advgb-columns-row advgb-is-mobile advgb-columns-2 layout-13-23 mbl-layout-stacked vgutter-10\" style=\"max-width:1050px\">\n<div class=\"wp-block-advgb-column advgb-column advgb-is-one-third-tablet advgb-is-full-mobile\" id=\"advgb-col-83df864f-c4da-422c-b41e-340220c4e9a2\"><div class=\"advgb-column-inner\" style=\"border-style:none;border-width:1px\">\n<figure class=\"wp-block-image size-full efeitoimagem\"><img loading=\"lazy\" decoding=\"async\" width=\"612\" height=\"431\" src=\"http:\/\/pediatriaciep.com.br\/ciep\/wp-content\/uploads\/2022\/08\/recpcao-1.jpg\" alt=\"\" class=\"wp-image-102\" srcset=\"https:\/\/pediatriaciep.com.br\/ciep\/wp-content\/uploads\/2022\/08\/recpcao-1.jpg 612w, https:\/\/pediatriaciep.com.br\/ciep\/wp-content\/uploads\/2022\/08\/recpcao-1-300x211.jpg 300w\" sizes=\"auto, (max-width: 612px) 100vw, 612px\" \/><\/figure>\n<\/div><\/div>\n\n\n\n<div class=\"wp-block-advgb-column advgb-column advgb-is-two-thirds-tablet advgb-is-full-mobile\" id=\"advgb-col-58300d46-5f5d-4dea-9652-1f20420933ae\"><div class=\"advgb-column-inner\" style=\"border-style:none;border-width:1px\">\n<p>O&nbsp;<strong>CIEP \u2013&nbsp;Centro Integrado de Especialidades Pedi\u00e1tricas<\/strong>&nbsp;est\u00e1 localizado em uma regi\u00e3o nobre de Curitiba \u2013 Bairro Batel.<\/p>\n\n\n\n<p>A estrutura \u00e9 adaptada para o atendimento pedi\u00e1trico em diversas especialidades e possui acessibilidade aos pacientes com necessidades especiais.<\/p>\n<\/div><\/div>\n<\/div><\/div><\/div>\n\n\n\n<div class=\"wp-block-advgb-columns advgb-columns-wrapper\" id=\"advgb-cols-fa39cb2f-337b-4ee3-938a-3d674fcb2c87\"><div class=\"advgb-columns-container\"><div class=\"advgb-columns advgb-columns-row advgb-is-mobile advgb-columns-2 layout-23-13 mbl-layout-stacked vgutter-10\" style=\"max-width:1050px\">\n<div class=\"wp-block-advgb-column advgb-column advgb-is-two-thirds-tablet advgb-is-full-mobile\" id=\"advgb-col-b7dad19f-c632-4af0-9d8f-76f2415722a0\"><div class=\"advgb-column-inner\" style=\"border-style:none;border-width:1px\">\n<p class=\"has-text-align-right\"><strong>Consult\u00f3rios M\u00e9dicos Multidisciplinares<\/strong><\/p>\n\n\n\n<p class=\"has-text-align-right\">O atendimento aos pacientes \u00e9 realizado atrav\u00e9s de um sistema informatizado que possibilita um acompanhamento multidisciplinar dos atendimentos de cada crian\u00e7a.<\/p>\n<\/div><\/div>\n\n\n\n<div class=\"wp-block-advgb-column advgb-column advgb-is-one-third-tablet advgb-is-full-mobile\" id=\"advgb-col-9afbf869-d27f-47c9-8cf9-39138ee90b3b\"><div class=\"advgb-column-inner\" style=\"border-style:none;border-width:1px\">\n<figure class=\"wp-block-image size-full efeitoimagem\"><img loading=\"lazy\" decoding=\"async\" width=\"612\" height=\"431\" src=\"http:\/\/pediatriaciep.com.br\/ciep\/wp-content\/uploads\/2022\/08\/Consultorio-medico.jpg\" alt=\"\" class=\"wp-image-104\" srcset=\"https:\/\/pediatriaciep.com.br\/ciep\/wp-content\/uploads\/2022\/08\/Consultorio-medico.jpg 612w, https:\/\/pediatriaciep.com.br\/ciep\/wp-content\/uploads\/2022\/08\/Consultorio-medico-300x211.jpg 300w\" sizes=\"auto, (max-width: 612px) 100vw, 612px\" \/><\/figure>\n<\/div><\/div>\n<\/div><\/div><\/div>\n\n\n\n<div class=\"wp-block-advgb-columns advgb-columns-wrapper\" id=\"advgb-cols-b51e1e2e-2aaf-4fa1-9160-920b5e2154aa\"><div class=\"advgb-columns-container\"><div class=\"advgb-columns advgb-columns-row advgb-is-mobile advgb-columns-2 layout-13-23 mbl-layout-stacked vgutter-10\" style=\"max-width:1050px\">\n<div class=\"wp-block-advgb-column advgb-column advgb-is-one-third-tablet advgb-is-full-mobile\" id=\"advgb-col-3320184b-aa40-4cc0-8bc4-28962146b090\"><div class=\"advgb-column-inner\" style=\"border-style:none;border-width:1px\">\n<figure class=\"wp-block-image size-full efeitoimagem\"><img loading=\"lazy\" decoding=\"async\" width=\"612\" height=\"431\" src=\"http:\/\/pediatriaciep.com.br\/ciep\/wp-content\/uploads\/2022\/08\/Sala-de-ecocardiograma.jpg\" alt=\"\" class=\"wp-image-109\" srcset=\"https:\/\/pediatriaciep.com.br\/ciep\/wp-content\/uploads\/2022\/08\/Sala-de-ecocardiograma.jpg 612w, https:\/\/pediatriaciep.com.br\/ciep\/wp-content\/uploads\/2022\/08\/Sala-de-ecocardiograma-300x211.jpg 300w\" sizes=\"auto, (max-width: 612px) 100vw, 612px\" \/><\/figure>\n<\/div><\/div>\n\n\n\n<div class=\"wp-block-advgb-column advgb-column advgb-is-two-thirds-tablet advgb-is-full-mobile\" id=\"advgb-col-1cc8ae86-5220-4ac4-a869-91f7a18383b2\"><div class=\"advgb-column-inner\" style=\"border-style:none;border-width:1px\">\n<p><strong>Sala de Exames<\/strong><\/p>\n\n\n\n<p>\u2022 Ecocardiograma<br>\u2022 Ecocardiograma fetal<br>\u2022 Eletrocardiograma<br>\u2022 Holter<br>\u2022 Mapa<\/p>\n<\/div><\/div>\n<\/div><\/div><\/div>\n\n\n\n<div class=\"wp-block-advgb-columns advgb-columns-wrapper\" id=\"advgb-cols-4c17e89a-813b-4473-8946-19de790529b9\"><div class=\"advgb-columns-container\"><div class=\"advgb-columns advgb-columns-row advgb-is-mobile advgb-columns-2 layout-23-13 mbl-layout-stacked vgutter-10\" style=\"max-width:1050px\">\n<div class=\"wp-block-advgb-column advgb-column advgb-is-two-thirds-tablet advgb-is-full-mobile\" id=\"advgb-col-fd7dfac4-7737-446a-a410-700a42431028\"><div class=\"advgb-column-inner\" style=\"border-style:none;border-width:1px\">\n<p class=\"has-text-align-right\"><strong>Consult\u00f3rio de Odontopediatria<\/strong><\/p>\n\n\n\n<p class=\"has-text-align-right\">Preven\u00e7\u00e3o e tratamento de altera\u00e7\u00f5es na cavidade bucal. \u00c9 muito importante iniciar o tratamento preventivo o mais cedo poss\u00edvel para evitar o tratamento curativo.<\/p>\n\n\n\n<p class=\"has-text-align-right\">\u2022 Acompanhamento e preven\u00e7\u00e3o<br>\u2022 Avalia\u00e7\u00e3o da arcada dent\u00e1ria<br>\u2022 Profilaxia<br>\u2022 Aplica\u00e7\u00e3o de selantes<br>\u2022 Aplica\u00e7\u00e3o de fluor<br>\u2022 Tratamento curativo (c\u00e1ries)<\/p>\n<\/div><\/div>\n\n\n\n<div class=\"wp-block-advgb-column advgb-column advgb-is-one-third-tablet advgb-is-full-mobile\" id=\"advgb-col-011d4307-56de-457c-a70c-6d43a7861713\"><div class=\"advgb-column-inner\" style=\"border-style:none;border-width:1px\">\n<figure class=\"wp-block-image size-full efeitoimagem\"><img loading=\"lazy\" decoding=\"async\" width=\"612\" height=\"431\" src=\"http:\/\/pediatriaciep.com.br\/ciep\/wp-content\/uploads\/2022\/08\/sala.jpg\" alt=\"\" class=\"wp-image-110\" srcset=\"https:\/\/pediatriaciep.com.br\/ciep\/wp-content\/uploads\/2022\/08\/sala.jpg 612w, https:\/\/pediatriaciep.com.br\/ciep\/wp-content\/uploads\/2022\/08\/sala-300x211.jpg 300w\" sizes=\"auto, (max-width: 612px) 100vw, 612px\" \/><\/figure>\n<\/div><\/div>\n<\/div><\/div><\/div>\n<style class=\"advgb-styles-renderer\">#advgb-col-83df864f-c4da-422c-b41e-340220c4e9a2>.advgb-column-inner{padding-top:20px;padding-right:20px;padding-bottom:20px;padding-left:20px;}#advgb-col-83df864f-c4da-422c-b41e-340220c4e9a2{width: 0%;}@media screen and (max-width: 1023px) {#advgb-col-83df864f-c4da-422c-b41e-340220c4e9a2>.advgb-column-inner{}}@media screen and (max-width: 767px) {#advgb-col-83df864f-c4da-422c-b41e-340220c4e9a2>.advgb-column-inner{}}#advgb-col-58300d46-5f5d-4dea-9652-1f20420933ae>.advgb-column-inner{padding-top:20px;padding-right:20px;padding-bottom:20px;padding-left:20px;}#advgb-col-58300d46-5f5d-4dea-9652-1f20420933ae{width: 0%;}@media screen and (max-width: 1023px) {#advgb-col-58300d46-5f5d-4dea-9652-1f20420933ae>.advgb-column-inner{}}@media screen and (max-width: 767px) {#advgb-col-58300d46-5f5d-4dea-9652-1f20420933ae>.advgb-column-inner{}}#advgb-cols-65720d46-4879-4dd7-8341-4137c0295439{padding-top:20px;}@media screen and (max-width: 1023px) {#advgb-cols-65720d46-4879-4dd7-8341-4137c0295439{}}@media screen and (max-width: 767px) {#advgb-cols-65720d46-4879-4dd7-8341-4137c0295439{}}#advgb-col-83df864f-c4da-422c-b41e-340220c4e9a2>.advgb-column-inner{padding-top:20px;padding-right:20px;padding-bottom:20px;padding-left:20px;}#advgb-col-83df864f-c4da-422c-b41e-340220c4e9a2{width: 0%;}@media screen and (max-width: 1023px) {#advgb-col-83df864f-c4da-422c-b41e-340220c4e9a2>.advgb-column-inner{}}@media screen and (max-width: 767px) {#advgb-col-83df864f-c4da-422c-b41e-340220c4e9a2>.advgb-column-inner{}}#advgb-col-58300d46-5f5d-4dea-9652-1f20420933ae>.advgb-column-inner{padding-top:20px;padding-right:20px;padding-bottom:20px;padding-left:20px;}#advgb-col-58300d46-5f5d-4dea-9652-1f20420933ae{width: 0%;}@media screen and (max-width: 1023px) {#advgb-col-58300d46-5f5d-4dea-9652-1f20420933ae>.advgb-column-inner{}}@media screen and (max-width: 767px) {#advgb-col-58300d46-5f5d-4dea-9652-1f20420933ae>.advgb-column-inner{}}#advgb-col-b7dad19f-c632-4af0-9d8f-76f2415722a0>.advgb-column-inner{}#advgb-col-b7dad19f-c632-4af0-9d8f-76f2415722a0{width: 0%;}@media screen and (max-width: 1023px) {#advgb-col-b7dad19f-c632-4af0-9d8f-76f2415722a0>.advgb-column-inner{}}@media screen and (max-width: 767px) {#advgb-col-b7dad19f-c632-4af0-9d8f-76f2415722a0>.advgb-column-inner{}}#advgb-col-9afbf869-d27f-47c9-8cf9-39138ee90b3b>.advgb-column-inner{padding-top:0px;padding-right:20px;padding-bottom:20px;padding-left:20px;}#advgb-col-9afbf869-d27f-47c9-8cf9-39138ee90b3b{width: 0%;}@media screen and (max-width: 1023px) {#advgb-col-9afbf869-d27f-47c9-8cf9-39138ee90b3b>.advgb-column-inner{}}@media screen and (max-width: 767px) {#advgb-col-9afbf869-d27f-47c9-8cf9-39138ee90b3b>.advgb-column-inner{}}#advgb-cols-fa39cb2f-337b-4ee3-938a-3d674fcb2c87{padding-top:20px;padding-right:20px;padding-bottom:20px;padding-left:20px;}@media screen and (max-width: 1023px) {#advgb-cols-fa39cb2f-337b-4ee3-938a-3d674fcb2c87{}}@media screen and (max-width: 767px) {#advgb-cols-fa39cb2f-337b-4ee3-938a-3d674fcb2c87{}}#advgb-col-b7dad19f-c632-4af0-9d8f-76f2415722a0>.advgb-column-inner{}#advgb-col-b7dad19f-c632-4af0-9d8f-76f2415722a0{width: 0%;}@media screen and (max-width: 1023px) {#advgb-col-b7dad19f-c632-4af0-9d8f-76f2415722a0>.advgb-column-inner{}}@media screen and (max-width: 767px) {#advgb-col-b7dad19f-c632-4af0-9d8f-76f2415722a0>.advgb-column-inner{}}#advgb-col-9afbf869-d27f-47c9-8cf9-39138ee90b3b>.advgb-column-inner{padding-top:0px;padding-right:20px;padding-bottom:20px;padding-left:20px;}#advgb-col-9afbf869-d27f-47c9-8cf9-39138ee90b3b{width: 0%;}@media screen and (max-width: 1023px) {#advgb-col-9afbf869-d27f-47c9-8cf9-39138ee90b3b>.advgb-column-inner{}}@media screen and (max-width: 767px) {#advgb-col-9afbf869-d27f-47c9-8cf9-39138ee90b3b>.advgb-column-inner{}}#advgb-col-3320184b-aa40-4cc0-8bc4-28962146b090>.advgb-column-inner{padding-top:20px;padding-right:20px;padding-bottom:20px;padding-left:20px;}#advgb-col-3320184b-aa40-4cc0-8bc4-28962146b090{width: 0%;}@media screen and (max-width: 1023px) {#advgb-col-3320184b-aa40-4cc0-8bc4-28962146b090>.advgb-column-inner{}}@media screen and (max-width: 767px) {#advgb-col-3320184b-aa40-4cc0-8bc4-28962146b090>.advgb-column-inner{}}#advgb-col-1cc8ae86-5220-4ac4-a869-91f7a18383b2>.advgb-column-inner{padding-top:20px;padding-right:20px;padding-bottom:20px;padding-left:20px;}#advgb-col-1cc8ae86-5220-4ac4-a869-91f7a18383b2{width: 0%;}@media screen and (max-width: 1023px) {#advgb-col-1cc8ae86-5220-4ac4-a869-91f7a18383b2>.advgb-column-inner{}}@media screen and (max-width: 767px) {#advgb-col-1cc8ae86-5220-4ac4-a869-91f7a18383b2>.advgb-column-inner{}}#advgb-cols-b51e1e2e-2aaf-4fa1-9160-920b5e2154aa{padding-top:0px;}@media screen and (max-width: 1023px) {#advgb-cols-b51e1e2e-2aaf-4fa1-9160-920b5e2154aa{}}@media screen and (max-width: 767px) {#advgb-cols-b51e1e2e-2aaf-4fa1-9160-920b5e2154aa{}}#advgb-col-3320184b-aa40-4cc0-8bc4-28962146b090>.advgb-column-inner{padding-top:20px;padding-right:20px;padding-bottom:20px;padding-left:20px;}#advgb-col-3320184b-aa40-4cc0-8bc4-28962146b090{width: 0%;}@media screen and (max-width: 1023px) {#advgb-col-3320184b-aa40-4cc0-8bc4-28962146b090>.advgb-column-inner{}}@media screen and (max-width: 767px) {#advgb-col-3320184b-aa40-4cc0-8bc4-28962146b090>.advgb-column-inner{}}#advgb-col-1cc8ae86-5220-4ac4-a869-91f7a18383b2>.advgb-column-inner{padding-top:20px;padding-right:20px;padding-bottom:20px;padding-left:20px;}#advgb-col-1cc8ae86-5220-4ac4-a869-91f7a18383b2{width: 0%;}@media screen and (max-width: 1023px) {#advgb-col-1cc8ae86-5220-4ac4-a869-91f7a18383b2>.advgb-column-inner{}}@media screen and (max-width: 767px) {#advgb-col-1cc8ae86-5220-4ac4-a869-91f7a18383b2>.advgb-column-inner{}}#advgb-col-fd7dfac4-7737-446a-a410-700a42431028>.advgb-column-inner{}#advgb-col-fd7dfac4-7737-446a-a410-700a42431028{width: 0%;}@media screen and (max-width: 1023px) {#advgb-col-fd7dfac4-7737-446a-a410-700a42431028>.advgb-column-inner{}}@media screen and (max-width: 767px) {#advgb-col-fd7dfac4-7737-446a-a410-700a42431028>.advgb-column-inner{}}#advgb-col-011d4307-56de-457c-a70c-6d43a7861713>.advgb-column-inner{padding-top:0px;padding-right:20px;padding-bottom:20px;padding-left:20px;}#advgb-col-011d4307-56de-457c-a70c-6d43a7861713{width: 0%;}@media screen and (max-width: 1023px) {#advgb-col-011d4307-56de-457c-a70c-6d43a7861713>.advgb-column-inner{}}@media screen and (max-width: 767px) {#advgb-col-011d4307-56de-457c-a70c-6d43a7861713>.advgb-column-inner{}}#advgb-cols-4c17e89a-813b-4473-8946-19de790529b9{padding-top:20px;padding-right:20px;padding-bottom:20px;padding-left:20px;}@media screen and (max-width: 1023px) {#advgb-cols-4c17e89a-813b-4473-8946-19de790529b9{}}@media screen and (max-width: 767px) {#advgb-cols-4c17e89a-813b-4473-8946-19de790529b9{}}#advgb-col-fd7dfac4-7737-446a-a410-700a42431028>.advgb-column-inner{}#advgb-col-fd7dfac4-7737-446a-a410-700a42431028{width: 0%;}@media screen and (max-width: 1023px) {#advgb-col-fd7dfac4-7737-446a-a410-700a42431028>.advgb-column-inner{}}@media screen and (max-width: 767px) {#advgb-col-fd7dfac4-7737-446a-a410-700a42431028>.advgb-column-inner{}}#advgb-col-011d4307-56de-457c-a70c-6d43a7861713>.advgb-column-inner{padding-top:0px;padding-right:20px;padding-bottom:20px;padding-left:20px;}#advgb-col-011d4307-56de-457c-a70c-6d43a7861713{width: 0%;}@media screen and (max-width: 1023px) {#advgb-col-011d4307-56de-457c-a70c-6d43a7861713>.advgb-column-inner{}}@media screen and (max-width: 767px) {#advgb-col-011d4307-56de-457c-a70c-6d43a7861713>.advgb-column-inner{}}<\/style>","protected":false},"excerpt":{"rendered":"<p>ESTRUTURA Veja os consult\u00f3rios planejados e os equipamentos de \u00faltima gera\u00e7\u00e3o do CIEP.<\/p>\n","protected":false},"author":1,"featured_media":0,"parent":0,"menu_order":0,"comment_status":"closed","ping_status":"closed","template":"","meta":{"advgb_blocks_editor_width":"","advgb_blocks_columns_visual_guide":"","site-sidebar-layout":"default","site-content-layout":"default","ast-global-header-display":"","ast-main-header-display":"","ast-hfb-above-header-display":"","ast-hfb-below-header-display":"","ast-hfb-mobile-header-display":"","site-post-title":"disabled","ast-breadcrumbs-content":"","ast-featured-img":"","footer-sml-layout":"","theme-transparent-header-meta":"","adv-header-id-meta":"","stick-header-meta":"","header-above-stick-meta":"","header-main-stick-meta":"","header-below-stick-meta":"","footnotes":""},"class_list":["post-19","page","type-page","status-publish","hentry"],"coauthors":[],"author_meta":{"author_link":"https:\/\/pediatriaciep.com.br\/ciep\/author\/adm_ciep\/","display_name":"ADM_Ciep"},"relative_dates":{"created":"Posted 4 anos ago","modified":"Updated 3 meses ago"},"absolute_dates":{"created":"Posted on 22 de agosto de 2022","modified":"Updated on 15 de janeiro de 2026"},"absolute_dates_time":{"created":"Posted on 22 de agosto de 2022 21:54","modified":"Updated on 15 de janeiro de 2026 14:55"},"featured_img_caption":"","featured_img":false,"series_order":"","uagb_featured_image_src":{"full":false,"thumbnail":false,"medium":false,"medium_large":false,"large":false,"1536x1536":false,"2048x2048":false},"uagb_author_info":{"display_name":"ADM_Ciep","author_link":"https:\/\/pediatriaciep.com.br\/ciep\/author\/adm_ciep\/"},"uagb_comment_info":0,"uagb_excerpt":"ESTRUTURA Veja os consult\u00f3rios planejados e os equipamentos de \u00faltima gera\u00e7\u00e3o do CIEP.","_links":{"self":[{"href":"https:\/\/pediatriaciep.com.br\/ciep\/wp-json\/wp\/v2\/pages\/19","targetHints":{"allow":["GET"]}}],"collection":[{"href":"https:\/\/pediatriaciep.com.br\/ciep\/wp-json\/wp\/v2\/pages"}],"about":[{"href":"https:\/\/pediatriaciep.com.br\/ciep\/wp-json\/wp\/v2\/types\/page"}],"author":[{"embeddable":true,"href":"https:\/\/pediatriaciep.com.br\/ciep\/wp-json\/wp\/v2\/users\/1"}],"replies":[{"embeddable":true,"href":"https:\/\/pediatriaciep.com.br\/ciep\/wp-json\/wp\/v2\/comments?post=19"}],"version-history":[{"count":10,"href":"https:\/\/pediatriaciep.com.br\/ciep\/wp-json\/wp\/v2\/pages\/19\/revisions"}],"predecessor-version":[{"id":584,"href":"https:\/\/pediatriaciep.com.br\/ciep\/wp-json\/wp\/v2\/pages\/19\/revisions\/584"}],"wp:attachment":[{"href":"https:\/\/pediatriaciep.com.br\/ciep\/wp-json\/wp\/v2\/media?parent=19"}],"curies":[{"name":"wp","href":"https:\/\/api.w.org\/{rel}","templated":true}]}}