{"id":17,"date":"2022-08-22T21:54:51","date_gmt":"2022-08-23T00:54:51","guid":{"rendered":"http:\/\/pediatriaciep.com.br\/ciep\/?page_id=17"},"modified":"2025-07-31T08:49:47","modified_gmt":"2025-07-31T11:49:47","slug":"especialidades","status":"publish","type":"page","link":"https:\/\/pediatriaciep.com.br\/ciep\/especialidades\/","title":{"rendered":"Especialidades"},"content":{"rendered":"\n<div class=\"topopgs\"><div class=\"centro-linha\"><span class=\"titulopgs\">Especialidades<\/span><div class=\"linha\"><\/div><em>Conhe\u00e7a as diversas \u00e1reas de atua\u00e7\u00e3o dos profissionais que atendem no Ciep.<\/em><\/div><\/div><div class=\"barra\"><\/div>\n\n\n\n<div class=\"wp-block-advgb-columns advgb-columns-wrapper\" id=\"advgb-cols-2200fc45-4edf-40f6-8a56-919ed868c0a7\"><div class=\"advgb-columns-container\"><div class=\"advgb-columns advgb-columns-row advgb-is-mobile advgb-columns-3 layout-14-12-14 mbl-layout-stacked vgutter-10\" style=\"max-width:1050px\">\n<div class=\"wp-block-advgb-column advgb-column advgb-is-one-quarter-tablet advgb-is-full-mobile\" id=\"advgb-col-594c7b79-3679-4690-a6ec-cb926b8d6fb7\"><div class=\"advgb-column-inner\" style=\"border-style:none;border-width:1px\">\n<p><strong>ESPECIALIDADES PEDI\u00c1TRICAS:<\/strong><\/p>\n\n\n\n<p>\u2022 Cardiologia<\/p>\n\n\n\n<p>\u2022 Eletrofisiologia<\/p>\n\n\n\n<p>\u2022 Cirurgia e Urologia<\/p>\n\n\n\n<p>\u2022 Neurologia<\/p>\n\n\n\n<p>\u2022 Pediatria e Neonatologia<\/p>\n\n\n\n<p>\u2022&nbsp;Gastroenterologia e Hepatologia<\/p>\n\n\n\n<p>\u2022 Odontologia e Ortodontia<\/p>\n\n\n\n<p>\u2022 Endocrinologia<\/p>\n\n\n\n<p>\u2022 Pneumologista<\/p>\n\n\n\n<p>\u2022 Dermatologia<\/p>\n<\/div><\/div>\n\n\n\n<div class=\"wp-block-advgb-column advgb-column advgb-is-half-tablet advgb-is-full-mobile\" id=\"advgb-col-dd81a8a2-0846-4493-9a0c-fc4752b06a66\"><div class=\"advgb-column-inner\" style=\"border-style:none;border-width:1px\">\n<figure class=\"wp-block-image size-full efeitoimagem\"><img loading=\"lazy\" decoding=\"async\" width=\"612\" height=\"431\" src=\"http:\/\/pediatriaciep.com.br\/ciep\/wp-content\/uploads\/2022\/08\/especialidades.jpg\" alt=\"\" class=\"wp-image-99\" srcset=\"https:\/\/pediatriaciep.com.br\/ciep\/wp-content\/uploads\/2022\/08\/especialidades.jpg 612w, https:\/\/pediatriaciep.com.br\/ciep\/wp-content\/uploads\/2022\/08\/especialidades-300x211.jpg 300w\" sizes=\"auto, (max-width: 612px) 100vw, 612px\" \/><\/figure>\n<\/div><\/div>\n\n\n\n<div class=\"wp-block-advgb-column advgb-column advgb-is-one-quarter-tablet advgb-is-full-mobile\" id=\"advgb-col-5ec39f7b-a365-450d-a8b6-dc08c9f23939\"><div class=\"advgb-column-inner\" style=\"border-style:none;border-width:1px\">\n<p><strong>EXAMES:<\/strong><\/p>\n\n\n\n<p>\u2022 Ecocardiograma<\/p>\n\n\n\n<p>\u2022 Eletrocardiograma<\/p>\n\n\n\n<p>\u2022 Holter<\/p>\n\n\n\n<p><\/p>\n<\/div><\/div>\n<\/div><\/div><\/div>\n<style class=\"advgb-styles-renderer\">#advgb-col-594c7b79-3679-4690-a6ec-cb926b8d6fb7>.advgb-column-inner{padding-top:20px;padding-right:20px;padding-bottom:20px;padding-left:20px;}#advgb-col-594c7b79-3679-4690-a6ec-cb926b8d6fb7{width: 0%;}@media screen and (max-width: 1023px) {#advgb-col-594c7b79-3679-4690-a6ec-cb926b8d6fb7>.advgb-column-inner{}}@media screen and (max-width: 767px) {#advgb-col-594c7b79-3679-4690-a6ec-cb926b8d6fb7>.advgb-column-inner{}}#advgb-col-dd81a8a2-0846-4493-9a0c-fc4752b06a66>.advgb-column-inner{padding-top:20px;padding-right:20px;padding-bottom:20px;padding-left:20px;}#advgb-col-dd81a8a2-0846-4493-9a0c-fc4752b06a66{width: 0%;}@media screen and (max-width: 1023px) {#advgb-col-dd81a8a2-0846-4493-9a0c-fc4752b06a66>.advgb-column-inner{}}@media screen and (max-width: 767px) {#advgb-col-dd81a8a2-0846-4493-9a0c-fc4752b06a66>.advgb-column-inner{}}#advgb-col-5ec39f7b-a365-450d-a8b6-dc08c9f23939>.advgb-column-inner{padding-top:20px;padding-right:20px;padding-bottom:20px;padding-left:20px;}#advgb-col-5ec39f7b-a365-450d-a8b6-dc08c9f23939{width: 0%;}@media screen and (max-width: 1023px) {#advgb-col-5ec39f7b-a365-450d-a8b6-dc08c9f23939>.advgb-column-inner{}}@media screen and (max-width: 767px) {#advgb-col-5ec39f7b-a365-450d-a8b6-dc08c9f23939>.advgb-column-inner{}}#advgb-cols-2200fc45-4edf-40f6-8a56-919ed868c0a7{padding-top:20px;}@media screen and (max-width: 1023px) {#advgb-cols-2200fc45-4edf-40f6-8a56-919ed868c0a7{}}@media screen and (max-width: 767px) {#advgb-cols-2200fc45-4edf-40f6-8a56-919ed868c0a7{}}#advgb-col-594c7b79-3679-4690-a6ec-cb926b8d6fb7>.advgb-column-inner{padding-top:20px;padding-right:20px;padding-bottom:20px;padding-left:20px;}#advgb-col-594c7b79-3679-4690-a6ec-cb926b8d6fb7{width: 0%;}@media screen and (max-width: 1023px) {#advgb-col-594c7b79-3679-4690-a6ec-cb926b8d6fb7>.advgb-column-inner{}}@media screen and (max-width: 767px) {#advgb-col-594c7b79-3679-4690-a6ec-cb926b8d6fb7>.advgb-column-inner{}}#advgb-col-dd81a8a2-0846-4493-9a0c-fc4752b06a66>.advgb-column-inner{padding-top:20px;padding-right:20px;padding-bottom:20px;padding-left:20px;}#advgb-col-dd81a8a2-0846-4493-9a0c-fc4752b06a66{width: 0%;}@media screen and (max-width: 1023px) {#advgb-col-dd81a8a2-0846-4493-9a0c-fc4752b06a66>.advgb-column-inner{}}@media screen and (max-width: 767px) {#advgb-col-dd81a8a2-0846-4493-9a0c-fc4752b06a66>.advgb-column-inner{}}#advgb-col-5ec39f7b-a365-450d-a8b6-dc08c9f23939>.advgb-column-inner{padding-top:20px;padding-right:20px;padding-bottom:20px;padding-left:20px;}#advgb-col-5ec39f7b-a365-450d-a8b6-dc08c9f23939{width: 0%;}@media screen and (max-width: 1023px) {#advgb-col-5ec39f7b-a365-450d-a8b6-dc08c9f23939>.advgb-column-inner{}}@media screen and (max-width: 767px) {#advgb-col-5ec39f7b-a365-450d-a8b6-dc08c9f23939>.advgb-column-inner{}}<\/style>","protected":false},"excerpt":{"rendered":"<p>Especialidades Conhe\u00e7a as diversas \u00e1reas de atua\u00e7\u00e3o dos profissionais que atendem no Ciep.<\/p>\n","protected":false},"author":1,"featured_media":0,"parent":0,"menu_order":0,"comment_status":"closed","ping_status":"closed","template":"","meta":{"advgb_blocks_editor_width":"","advgb_blocks_columns_visual_guide":"","site-sidebar-layout":"default","site-content-layout":"default","ast-global-header-display":"","ast-main-header-display":"","ast-hfb-above-header-display":"","ast-hfb-below-header-display":"","ast-hfb-mobile-header-display":"","site-post-title":"disabled","ast-breadcrumbs-content":"","ast-featured-img":"","footer-sml-layout":"","theme-transparent-header-meta":"","adv-header-id-meta":"","stick-header-meta":"","header-above-stick-meta":"","header-main-stick-meta":"","header-below-stick-meta":"","footnotes":""},"class_list":["post-17","page","type-page","status-publish","hentry"],"coauthors":[],"author_meta":{"author_link":"https:\/\/pediatriaciep.com.br\/ciep\/author\/adm_ciep\/","display_name":"ADM_Ciep"},"relative_dates":{"created":"Posted 4 anos ago","modified":"Updated 9 meses ago"},"absolute_dates":{"created":"Posted on 22 de agosto de 2022","modified":"Updated on 31 de julho de 2025"},"absolute_dates_time":{"created":"Posted on 22 de agosto de 2022 21:54","modified":"Updated on 31 de julho de 2025 08:49"},"featured_img_caption":"","featured_img":false,"series_order":"","uagb_featured_image_src":{"full":false,"thumbnail":false,"medium":false,"medium_large":false,"large":false,"1536x1536":false,"2048x2048":false},"uagb_author_info":{"display_name":"ADM_Ciep","author_link":"https:\/\/pediatriaciep.com.br\/ciep\/author\/adm_ciep\/"},"uagb_comment_info":0,"uagb_excerpt":"Especialidades Conhe\u00e7a as diversas \u00e1reas de atua\u00e7\u00e3o dos profissionais que atendem no Ciep.","_links":{"self":[{"href":"https:\/\/pediatriaciep.com.br\/ciep\/wp-json\/wp\/v2\/pages\/17","targetHints":{"allow":["GET"]}}],"collection":[{"href":"https:\/\/pediatriaciep.com.br\/ciep\/wp-json\/wp\/v2\/pages"}],"about":[{"href":"https:\/\/pediatriaciep.com.br\/ciep\/wp-json\/wp\/v2\/types\/page"}],"author":[{"embeddable":true,"href":"https:\/\/pediatriaciep.com.br\/ciep\/wp-json\/wp\/v2\/users\/1"}],"replies":[{"embeddable":true,"href":"https:\/\/pediatriaciep.com.br\/ciep\/wp-json\/wp\/v2\/comments?post=17"}],"version-history":[{"count":9,"href":"https:\/\/pediatriaciep.com.br\/ciep\/wp-json\/wp\/v2\/pages\/17\/revisions"}],"predecessor-version":[{"id":578,"href":"https:\/\/pediatriaciep.com.br\/ciep\/wp-json\/wp\/v2\/pages\/17\/revisions\/578"}],"wp:attachment":[{"href":"https:\/\/pediatriaciep.com.br\/ciep\/wp-json\/wp\/v2\/media?parent=17"}],"curies":[{"name":"wp","href":"https:\/\/api.w.org\/{rel}","templated":true}]}}