{"id":16,"date":"2022-08-22T21:54:50","date_gmt":"2022-08-23T00:54:50","guid":{"rendered":"http:\/\/pediatriaciep.com.br\/ciep\/?page_id=16"},"modified":"2022-09-12T21:48:12","modified_gmt":"2022-09-13T00:48:12","slug":"a-clinica","status":"publish","type":"page","link":"https:\/\/pediatriaciep.com.br\/ciep\/a-clinica\/","title":{"rendered":"A Cl\u00ednica"},"content":{"rendered":"\n<div class=\"topopgs\"><div class=\"centro-linha\"><span class=\"titulopgs\">A CL\u00cdNICA<\/span><div class=\"linha\"><\/div><em>Saiba mais sobre a cl\u00ednica pedi\u00e1trica<\/em><\/div><\/div><div class=\"barra\"><\/div>\n\n\n\n<div class=\"wp-block-advgb-columns advgb-columns-wrapper\" id=\"advgb-cols-7973ca3f-4119-47a7-8bdb-4ec5aa4f7995\"><div class=\"advgb-columns-container\"><div class=\"advgb-columns advgb-columns-row advgb-is-mobile advgb-columns-2 layout-12-12 mbl-layout-stacked vgutter-10\" style=\"max-width:1050px\">\n<div class=\"wp-block-advgb-column advgb-column advgb-is-half-tablet advgb-is-full-mobile justify\" id=\"advgb-col-7eaab5db-b19a-4bfc-894b-8dda2d36c3ed\"><div class=\"advgb-column-inner\" style=\"border-style:none;border-width:1px\">\n<p>O<strong>&nbsp;CIEP \u2013 Centro Integrado de Especialidades Pedi\u00e1tricas<\/strong>&nbsp;\u2013 foi criado com o objetivo de prestar atendimento multidisciplinar aos pacientes pedi\u00e1tricos. Com m\u00e9dicos competentes e especialistas em diversas \u00e1reas da pediatria.<\/p>\n\n\n\n<p>Com ambiente adequado \u00e0s crian\u00e7as e portadores de necessidades especiais, o&nbsp;<strong>CIEP<\/strong>&nbsp;est\u00e1 localizado em regi\u00e3o nobre no Batel-Curitiba, de f\u00e1cil acesso e com estacionamento conveniado.<\/p>\n\n\n\n<p>O <strong>CIEP <\/strong>tamb\u00e9m possui atendimento odontol\u00f3gico na \u00e1rea da pediatria.<\/p>\n\n\n\n<p>Com equipamentos modernos nosso objetivo \u00e9 a busca da excel\u00eancia no atendimento.<\/p>\n\n\n\n<p>Confira os profissionais que atendem na cl\u00ednica bem como os respectivos procedimentos e conv\u00eanios atendidos.<\/p>\n<\/div><\/div>\n\n\n\n<div class=\"wp-block-advgb-column advgb-column advgb-is-half-tablet advgb-is-full-mobile\" id=\"advgb-col-7cfb4171-99f8-4656-8ec2-d11686fbe1ec\"><div class=\"advgb-column-inner\" style=\"border-style:none;border-width:1px\">\n<figure class=\"wp-block-image size-full efeitoimagem\"><img loading=\"lazy\" decoding=\"async\" width=\"612\" height=\"235\" src=\"http:\/\/pediatriaciep.com.br\/ciep\/wp-content\/uploads\/2022\/08\/clinica-1.jpg\" alt=\"\" class=\"wp-image-74\" srcset=\"https:\/\/pediatriaciep.com.br\/ciep\/wp-content\/uploads\/2022\/08\/clinica-1.jpg 612w, https:\/\/pediatriaciep.com.br\/ciep\/wp-content\/uploads\/2022\/08\/clinica-1-300x115.jpg 300w\" sizes=\"auto, (max-width: 612px) 100vw, 612px\" \/><\/figure>\n\n\n\n<div style=\"height:20px\" aria-hidden=\"true\" class=\"wp-block-spacer\"><\/div>\n\n\n\n<div class=\"wp-block-columns is-not-stacked-on-mobile is-layout-flex wp-container-core-columns-is-layout-28f84493 wp-block-columns-is-layout-flex\">\n<div class=\"wp-block-column is-layout-flow wp-block-column-is-layout-flow\">\n<figure class=\"wp-block-image size-full efeitoimagem\"><img loading=\"lazy\" decoding=\"async\" width=\"300\" height=\"200\" src=\"http:\/\/pediatriaciep.com.br\/ciep\/wp-content\/uploads\/2022\/08\/clinica-2.jpg\" alt=\"\" class=\"wp-image-90\"\/><\/figure>\n<\/div>\n\n\n\n<div class=\"wp-block-column is-layout-flow wp-block-column-is-layout-flow\">\n<figure class=\"wp-block-image size-full efeitoimagem\"><img loading=\"lazy\" decoding=\"async\" width=\"300\" height=\"200\" src=\"http:\/\/pediatriaciep.com.br\/ciep\/wp-content\/uploads\/2022\/08\/clinica-4.jpg\" alt=\"\" class=\"wp-image-91\"\/><\/figure>\n<\/div>\n<\/div>\n<\/div><\/div>\n<\/div><\/div><\/div>\n<style class=\"advgb-styles-renderer\">#advgb-col-7eaab5db-b19a-4bfc-894b-8dda2d36c3ed>.advgb-column-inner{padding-top:20px;padding-right:20px;padding-bottom:20px;padding-left:20px;}#advgb-col-7eaab5db-b19a-4bfc-894b-8dda2d36c3ed{width: 0%;}@media screen and (max-width: 1023px) {#advgb-col-7eaab5db-b19a-4bfc-894b-8dda2d36c3ed>.advgb-column-inner{}}@media screen and (max-width: 767px) {#advgb-col-7eaab5db-b19a-4bfc-894b-8dda2d36c3ed>.advgb-column-inner{}}#advgb-col-7cfb4171-99f8-4656-8ec2-d11686fbe1ec>.advgb-column-inner{padding-top:20px;padding-right:20px;padding-bottom:20px;padding-left:20px;}#advgb-col-7cfb4171-99f8-4656-8ec2-d11686fbe1ec{width: 0%;}@media screen and (max-width: 1023px) {#advgb-col-7cfb4171-99f8-4656-8ec2-d11686fbe1ec>.advgb-column-inner{}}@media screen and (max-width: 767px) {#advgb-col-7cfb4171-99f8-4656-8ec2-d11686fbe1ec>.advgb-column-inner{}}#advgb-cols-7973ca3f-4119-47a7-8bdb-4ec5aa4f7995{padding-top:20px;padding-right:0px;padding-bottom:20px;padding-left:0px;}@media screen and (max-width: 1023px) {#advgb-cols-7973ca3f-4119-47a7-8bdb-4ec5aa4f7995{}}@media screen and (max-width: 767px) {#advgb-cols-7973ca3f-4119-47a7-8bdb-4ec5aa4f7995{}}#advgb-col-7eaab5db-b19a-4bfc-894b-8dda2d36c3ed>.advgb-column-inner{padding-top:20px;padding-right:20px;padding-bottom:20px;padding-left:20px;}#advgb-col-7eaab5db-b19a-4bfc-894b-8dda2d36c3ed{width: 0%;}@media screen and (max-width: 1023px) {#advgb-col-7eaab5db-b19a-4bfc-894b-8dda2d36c3ed>.advgb-column-inner{}}@media screen and (max-width: 767px) {#advgb-col-7eaab5db-b19a-4bfc-894b-8dda2d36c3ed>.advgb-column-inner{}}#advgb-col-7cfb4171-99f8-4656-8ec2-d11686fbe1ec>.advgb-column-inner{padding-top:20px;padding-right:20px;padding-bottom:20px;padding-left:20px;}#advgb-col-7cfb4171-99f8-4656-8ec2-d11686fbe1ec{width: 0%;}@media screen and (max-width: 1023px) {#advgb-col-7cfb4171-99f8-4656-8ec2-d11686fbe1ec>.advgb-column-inner{}}@media screen and (max-width: 767px) {#advgb-col-7cfb4171-99f8-4656-8ec2-d11686fbe1ec>.advgb-column-inner{}}<\/style>","protected":false},"excerpt":{"rendered":"<p>A CL\u00cdNICA Saiba mais sobre a cl\u00ednica pedi\u00e1trica<\/p>\n","protected":false},"author":1,"featured_media":0,"parent":0,"menu_order":0,"comment_status":"closed","ping_status":"closed","template":"","meta":{"advgb_blocks_editor_width":"","advgb_blocks_columns_visual_guide":"","site-sidebar-layout":"default","site-content-layout":"default","ast-global-header-display":"","ast-main-header-display":"","ast-hfb-above-header-display":"","ast-hfb-below-header-display":"","ast-hfb-mobile-header-display":"","site-post-title":"disabled","ast-breadcrumbs-content":"","ast-featured-img":"","footer-sml-layout":"","theme-transparent-header-meta":"","adv-header-id-meta":"","stick-header-meta":"","header-above-stick-meta":"","header-main-stick-meta":"","header-below-stick-meta":"","footnotes":""},"class_list":["post-16","page","type-page","status-publish","hentry"],"coauthors":[],"author_meta":{"author_link":"https:\/\/pediatriaciep.com.br\/ciep\/author\/adm_ciep\/","display_name":"ADM_Ciep"},"relative_dates":{"created":"Posted 4 anos ago","modified":"Updated 4 anos ago"},"absolute_dates":{"created":"Posted on 22 de agosto de 2022","modified":"Updated on 12 de setembro de 2022"},"absolute_dates_time":{"created":"Posted on 22 de agosto de 2022 21:54","modified":"Updated on 12 de setembro de 2022 21:48"},"featured_img_caption":"","featured_img":false,"series_order":"","uagb_featured_image_src":{"full":false,"thumbnail":false,"medium":false,"medium_large":false,"large":false,"1536x1536":false,"2048x2048":false},"uagb_author_info":{"display_name":"ADM_Ciep","author_link":"https:\/\/pediatriaciep.com.br\/ciep\/author\/adm_ciep\/"},"uagb_comment_info":0,"uagb_excerpt":"A CL\u00cdNICA Saiba mais sobre a cl\u00ednica pedi\u00e1trica","_links":{"self":[{"href":"https:\/\/pediatriaciep.com.br\/ciep\/wp-json\/wp\/v2\/pages\/16","targetHints":{"allow":["GET"]}}],"collection":[{"href":"https:\/\/pediatriaciep.com.br\/ciep\/wp-json\/wp\/v2\/pages"}],"about":[{"href":"https:\/\/pediatriaciep.com.br\/ciep\/wp-json\/wp\/v2\/types\/page"}],"author":[{"embeddable":true,"href":"https:\/\/pediatriaciep.com.br\/ciep\/wp-json\/wp\/v2\/users\/1"}],"replies":[{"embeddable":true,"href":"https:\/\/pediatriaciep.com.br\/ciep\/wp-json\/wp\/v2\/comments?post=16"}],"version-history":[{"count":23,"href":"https:\/\/pediatriaciep.com.br\/ciep\/wp-json\/wp\/v2\/pages\/16\/revisions"}],"predecessor-version":[{"id":390,"href":"https:\/\/pediatriaciep.com.br\/ciep\/wp-json\/wp\/v2\/pages\/16\/revisions\/390"}],"wp:attachment":[{"href":"https:\/\/pediatriaciep.com.br\/ciep\/wp-json\/wp\/v2\/media?parent=16"}],"curies":[{"name":"wp","href":"https:\/\/api.w.org\/{rel}","templated":true}]}}