{"id":13,"date":"2022-08-22T21:52:47","date_gmt":"2022-08-23T00:52:47","guid":{"rendered":"http:\/\/pediatriaciep.com.br\/ciep\/?page_id=13"},"modified":"2022-08-23T12:04:57","modified_gmt":"2022-08-23T15:04:57","slug":"home","status":"publish","type":"page","link":"https:\/\/pediatriaciep.com.br\/ciep\/","title":{"rendered":"Home"},"content":{"rendered":"\n<div style=\"display: none;\" class=\"crellyslider-slider crellyslider-slider-full-width crellyslider-slider-homepage crellyslider-1\" id=\"crellyslider-1\">\n<ul>\n<li\nstyle=\"\nbackground-color: transparent;\nbackground-image: url('https:\/\/pediatriaciep.com.br\/ciep\/wp-content\/uploads\/2022\/08\/grama.jpg');\nbackground-position: center center;\nbackground-repeat: no-repeat;\nbackground-size: cover;\n\n\"\ndata-in=\"fade\"\ndata-ease-in=\"300\"\ndata-out=\"fade\"\ndata-ease-out=\"300\"\ndata-time=\"6000\"\n>\n<img\nclass=\"\"\nsrc=\"https:\/\/pediatriaciep.com.br\/ciep\/wp-content\/uploads\/2022\/08\/bebe4.png\"\nalt=\"\"\nstyle=\"\nz-index: 1;\n\n\"\ndata-delay=\"0\"\ndata-ease-in=\"300\"\ndata-ease-out=\"300\"\ndata-in=\"fadeSmallRight\"\ndata-out=\"fadeSmallLeft\"\ndata-ignore-ease-out=\"0\"\ndata-top=\"-1\"\ndata-left=\"761\"\ndata-time=\"all\"\n\/>\n<img\nclass=\"\"\nsrc=\"https:\/\/pediatriaciep.com.br\/ciep\/wp-content\/uploads\/2022\/08\/bolhas-1.png\"\nalt=\"\"\nstyle=\"\nz-index: 1;\n\n\"\ndata-delay=\"0\"\ndata-ease-in=\"300\"\ndata-ease-out=\"300\"\ndata-in=\"fadeSmallDown\"\ndata-out=\"fade\"\ndata-ignore-ease-out=\"0\"\ndata-top=\"12\"\ndata-left=\"540\"\ndata-time=\"all\"\n\/>\n<img\nclass=\"\"\nsrc=\"https:\/\/pediatriaciep.com.br\/ciep\/wp-content\/uploads\/2022\/08\/ciep-titulo.png\"\nalt=\"\"\nstyle=\"\nz-index: 1;\n\n\"\ndata-delay=\"0\"\ndata-ease-in=\"300\"\ndata-ease-out=\"300\"\ndata-in=\"fadeSmallLeft\"\ndata-out=\"fadeSmallRight\"\ndata-ignore-ease-out=\"0\"\ndata-top=\"55\"\ndata-left=\"18\"\ndata-time=\"all\"\n\/>\n<\/li>\n<li\nstyle=\"\nbackground-color: transparent;\nbackground-image: url('https:\/\/pediatriaciep.com.br\/ciep\/wp-content\/uploads\/2022\/08\/fundo-azul.jpg');\nbackground-position: center center;\nbackground-repeat: no-repeat;\nbackground-size: cover;\n\n\"\ndata-in=\"fade\"\ndata-ease-in=\"300\"\ndata-out=\"fade\"\ndata-ease-out=\"300\"\ndata-time=\"6000\"\n>\n<img\nclass=\"\"\nsrc=\"https:\/\/pediatriaciep.com.br\/ciep\/wp-content\/uploads\/2022\/08\/texto-atendimento.png\"\nalt=\"\"\nstyle=\"\nz-index: 1;\n\n\"\ndata-delay=\"0\"\ndata-ease-in=\"300\"\ndata-ease-out=\"300\"\ndata-in=\"fadeSmallLeft\"\ndata-out=\"fadeSmallRight\"\ndata-ignore-ease-out=\"0\"\ndata-top=\"54\"\ndata-left=\"28\"\ndata-time=\"all\"\n\/>\n<img\nclass=\"\"\nsrc=\"https:\/\/pediatriaciep.com.br\/ciep\/wp-content\/uploads\/2022\/08\/foto-slide-01.png\"\nalt=\"\"\nstyle=\"\nz-index: 1;\n\n\"\ndata-delay=\"0\"\ndata-ease-in=\"300\"\ndata-ease-out=\"300\"\ndata-in=\"fade\"\ndata-out=\"fade\"\ndata-ignore-ease-out=\"0\"\ndata-top=\"-9\"\ndata-left=\"433\"\ndata-time=\"all\"\n\/>\n<\/li>\n<li\nstyle=\"\nbackground-color: transparent;\nbackground-image: url('https:\/\/pediatriaciep.com.br\/ciep\/wp-content\/uploads\/2022\/08\/fundo-roxo-1.jpg');\nbackground-position: center center;\nbackground-repeat: no-repeat;\nbackground-size: cover;\n\n\"\ndata-in=\"fade\"\ndata-ease-in=\"300\"\ndata-out=\"fade\"\ndata-ease-out=\"300\"\ndata-time=\"6000\"\n>\n<img\nclass=\"\"\nsrc=\"https:\/\/pediatriaciep.com.br\/ciep\/wp-content\/uploads\/2022\/08\/centro.png\"\nalt=\"\"\nstyle=\"\nz-index: 5;\n\n\"\ndata-delay=\"0\"\ndata-ease-in=\"300\"\ndata-ease-out=\"300\"\ndata-in=\"fadeSmallLeft\"\ndata-out=\"fadeSmallRight\"\ndata-ignore-ease-out=\"0\"\ndata-top=\"77\"\ndata-left=\"758\"\ndata-time=\"all\"\n\/>\n<img\nclass=\"\"\nsrc=\"https:\/\/pediatriaciep.com.br\/ciep\/wp-content\/uploads\/2022\/08\/medico-crianca.png\"\nalt=\"\"\nstyle=\"\nz-index: 1;\n\n\"\ndata-delay=\"0\"\ndata-ease-in=\"300\"\ndata-ease-out=\"300\"\ndata-in=\"fade\"\ndata-out=\"fade\"\ndata-ignore-ease-out=\"0\"\ndata-top=\"0\"\ndata-left=\"-100\"\ndata-time=\"all\"\n\/>\n<\/li>\n<\/ul>\n<\/div>\n<script type=\"text\/javascript\">\n(function($) {\n$(document).ready(function() {\n$(\"#crellyslider-1\").crellySlider({\nlayout: 'full-width',\nresponsive: 1,\nstartWidth: 1150,\nstartHeight: 315,\nautomaticSlide: 1,\nshowControls: 1,\nshowNavigation: 1,\nenableSwipe: 1,\nshowProgressBar: 1,\npauseOnHover: 1,\nrandomOrder: 0,\nstartFromSlide: 0,\nbeforeStart : function() {},\nbeforeSetResponsive : function() {},\nbeforeSlideStart : function() {},\nbeforePause\t: function() {},\nbeforeResume : function() {},\n});\n});\n})(jQuery);\n<\/script>\n<div class=\"barra\"><\/div>\n\n\n\n<div class=\"wp-block-advgb-columns advgb-columns-wrapper\" id=\"advgb-cols-e21385f3-9c34-47ef-8108-9ecf5ae40da3\"><div class=\"advgb-columns-container\"><div class=\"advgb-columns advgb-columns-row advgb-is-mobile advgb-columns-3 layout-13-13-13 mbl-layout-stacked vgutter-10\" style=\"max-width:1150px\">\n<div class=\"wp-block-advgb-column advgb-column advgb-is-one-third-tablet advgb-is-full-mobile\" id=\"advgb-col-2298e052-0484-4bb0-b2ae-3dfa7895404e\"><div class=\"advgb-column-inner\" style=\"border-style:none;border-width:1px\">\n<div class=\"wp-block-advgb-columns advgb-columns-wrapper\" id=\"advgb-cols-d603e114-c10c-4b7e-91ec-0ba1c2b9fc47\"><div class=\"advgb-columns-container\"><div class=\"advgb-columns advgb-columns-row advgb-is-mobile advgb-columns-2 layout-13-23 mbl-layout-stacked vgutter-10\">\n<div class=\"wp-block-advgb-column advgb-column advgb-is-one-third-tablet advgb-is-full-mobile\" id=\"advgb-col-005185ae-9f5e-4ece-866f-7b583e1be5cb\" style=\"flex:none\"><div class=\"advgb-column-inner\" style=\"border-style:none;border-width:1px\">\n<figure class=\"wp-block-image size-full img-redonda\"><a href=\"http:\/\/pediatriaciep.com.br\/site\/especialidades\/\"><img loading=\"lazy\" decoding=\"async\" width=\"130\" height=\"130\" src=\"http:\/\/pediatriaciep.com.br\/ciep\/wp-content\/uploads\/2022\/08\/img-foto-especialidades.jpg\" alt=\"\" class=\"wp-image-306\"\/><\/a><\/figure>\n<\/div><\/div>\n\n\n\n<div class=\"wp-block-advgb-column advgb-column advgb-is-two-thirds-tablet advgb-is-full-mobile\" id=\"advgb-col-a651a568-cc91-409d-8203-33eac97ee237\" style=\"flex:none\"><div class=\"advgb-column-inner\" style=\"border-style:none;border-width:1px\">\n<p class=\"has-ast-global-color-0-color has-text-color\" style=\"font-size:16px\"><strong>Especialidades<\/strong><\/p>\n\n\n\n<p style=\"font-size:14px\">Conhe\u00e7a as diversas \u00e1reas de atua\u00e7\u00e3o dos profissionais que atendem no Ciep.<\/p>\n<\/div><\/div>\n<\/div><\/div><\/div>\n<\/div><\/div>\n\n\n\n<div class=\"wp-block-advgb-column advgb-column advgb-is-one-third-tablet advgb-is-full-mobile\" id=\"advgb-col-6fd055c7-e237-4901-a212-b572aaf75dc0\"><div class=\"advgb-column-inner\" style=\"border-style:none;border-width:1px\">\n<div class=\"wp-block-advgb-columns advgb-columns-wrapper\" id=\"advgb-cols-fde1d9f4-8b1b-4af8-99d4-ad5ed1bebb60\"><div class=\"advgb-columns-container\"><div class=\"advgb-columns advgb-columns-row advgb-is-mobile advgb-columns-2 layout-13-23 mbl-layout-stacked vgutter-10\">\n<div class=\"wp-block-advgb-column advgb-column advgb-is-one-third-tablet advgb-is-full-mobile\" id=\"advgb-col-e3d39c87-3e3e-4325-8d87-0b18e8d15f06\" style=\"flex:none\"><div class=\"advgb-column-inner\" style=\"border-style:none;border-width:1px\">\n<figure class=\"wp-block-image size-full img-redonda\"><a href=\"http:\/\/pediatriaciep.com.br\/site\/estrutura\/\"><img loading=\"lazy\" decoding=\"async\" width=\"130\" height=\"130\" src=\"http:\/\/pediatriaciep.com.br\/ciep\/wp-content\/uploads\/2022\/08\/ciep2.jpg\" alt=\"\" class=\"wp-image-318\"\/><\/a><\/figure>\n<\/div><\/div>\n\n\n\n<div class=\"wp-block-advgb-column advgb-column advgb-is-two-thirds-tablet advgb-is-full-mobile\" id=\"advgb-col-c0d89689-7f86-4ef1-a1e2-baa50a6fc564\" style=\"flex:none\"><div class=\"advgb-column-inner\" style=\"border-style:none;border-width:1px\">\n<p class=\"has-ast-global-color-0-color has-text-color\" style=\"font-size:16px\"><strong>Estrutura<\/strong><\/p>\n\n\n\n<p style=\"font-size:14px\">Veja os consult\u00f3rios planejados e os equipamentos de \u00faltima gera\u00e7\u00e3o do Ciep.<\/p>\n<\/div><\/div>\n<\/div><\/div><\/div>\n<\/div><\/div>\n\n\n\n<div class=\"wp-block-advgb-column advgb-column advgb-is-one-third-tablet advgb-is-full-mobile\" id=\"advgb-col-223bba9d-a742-41d4-91b8-58a6741a7111\"><div class=\"advgb-column-inner\" style=\"border-style:none;border-width:1px\">\n<div class=\"wp-block-advgb-columns advgb-columns-wrapper\" id=\"advgb-cols-b4500551-ed6b-4286-9ada-f640ac30376d\"><div class=\"advgb-columns-container\"><div class=\"advgb-columns advgb-columns-row advgb-is-mobile advgb-columns-2 layout-13-23 mbl-layout-stacked vgutter-10\">\n<div class=\"wp-block-advgb-column advgb-column advgb-is-one-third-tablet advgb-is-full-mobile\" id=\"advgb-col-841d20f1-57b6-45e7-b92e-efb7601c4be9\" style=\"flex:none\"><div class=\"advgb-column-inner\" style=\"border-style:none;border-width:1px\">\n<figure class=\"wp-block-image size-full img-redonda\"><a href=\"http:\/\/pediatriaciep.com.br\/site\/medicos\/\"><img loading=\"lazy\" decoding=\"async\" width=\"130\" height=\"130\" src=\"http:\/\/pediatriaciep.com.br\/ciep\/wp-content\/uploads\/2022\/08\/img-foto-medicos.jpg\" alt=\"\" class=\"wp-image-319\"\/><\/a><\/figure>\n<\/div><\/div>\n\n\n\n<div class=\"wp-block-advgb-column advgb-column advgb-is-two-thirds-tablet advgb-is-full-mobile\" id=\"advgb-col-3a0d92c5-f483-4b96-98a1-e50b9e0f3ff8\" style=\"flex:none\"><div class=\"advgb-column-inner\" style=\"border-style:none;border-width:1px\">\n<p class=\"has-ast-global-color-0-color has-text-color\" style=\"font-size:16px\"><strong>M\u00e9dicos<\/strong><\/p>\n\n\n\n<p style=\"font-size:14px\">Conhe\u00e7a os m\u00e9dicos que atendem no Centro Integrado de Especialidades Pedi\u00e1tricas.<\/p>\n<\/div><\/div>\n<\/div><\/div><\/div>\n<\/div><\/div>\n<\/div><\/div><\/div>\n<style class=\"advgb-styles-renderer\">#advgb-col-005185ae-9f5e-4ece-866f-7b583e1be5cb>.advgb-column-inner{padding-top:5px;padding-right:5px;padding-bottom:5px;padding-left:5px;}#advgb-col-005185ae-9f5e-4ece-866f-7b583e1be5cb{width: 40%;}@media screen and (max-width: 1023px) {#advgb-col-005185ae-9f5e-4ece-866f-7b583e1be5cb>.advgb-column-inner{}}@media screen and (max-width: 767px) {#advgb-col-005185ae-9f5e-4ece-866f-7b583e1be5cb>.advgb-column-inner{}}#advgb-col-a651a568-cc91-409d-8203-33eac97ee237>.advgb-column-inner{padding-top:5px;padding-right:5px;padding-bottom:5px;padding-left:5px;}#advgb-col-a651a568-cc91-409d-8203-33eac97ee237{width: 60%;}@media screen and (max-width: 1023px) {#advgb-col-a651a568-cc91-409d-8203-33eac97ee237>.advgb-column-inner{}}@media screen and (max-width: 767px) {#advgb-col-a651a568-cc91-409d-8203-33eac97ee237>.advgb-column-inner{}}#advgb-cols-d603e114-c10c-4b7e-91ec-0ba1c2b9fc47{}@media screen and (max-width: 1023px) {#advgb-cols-d603e114-c10c-4b7e-91ec-0ba1c2b9fc47{}}@media screen and (max-width: 767px) {#advgb-cols-d603e114-c10c-4b7e-91ec-0ba1c2b9fc47{}}#advgb-col-005185ae-9f5e-4ece-866f-7b583e1be5cb>.advgb-column-inner{padding-top:5px;padding-right:5px;padding-bottom:5px;padding-left:5px;}#advgb-col-005185ae-9f5e-4ece-866f-7b583e1be5cb{width: 40%;}@media screen and (max-width: 1023px) {#advgb-col-005185ae-9f5e-4ece-866f-7b583e1be5cb>.advgb-column-inner{}}@media screen and (max-width: 767px) {#advgb-col-005185ae-9f5e-4ece-866f-7b583e1be5cb>.advgb-column-inner{}}#advgb-col-a651a568-cc91-409d-8203-33eac97ee237>.advgb-column-inner{padding-top:5px;padding-right:5px;padding-bottom:5px;padding-left:5px;}#advgb-col-a651a568-cc91-409d-8203-33eac97ee237{width: 60%;}@media screen and (max-width: 1023px) {#advgb-col-a651a568-cc91-409d-8203-33eac97ee237>.advgb-column-inner{}}@media screen and (max-width: 767px) {#advgb-col-a651a568-cc91-409d-8203-33eac97ee237>.advgb-column-inner{}}#advgb-col-2298e052-0484-4bb0-b2ae-3dfa7895404e>.advgb-column-inner{margin-top:0px;margin-right:0px;margin-bottom:0px;margin-left:0px;padding-top:10px;padding-right:10px;padding-bottom:10px;padding-left:10px;}#advgb-col-2298e052-0484-4bb0-b2ae-3dfa7895404e{width: 0%;}@media screen and (max-width: 1023px) {#advgb-col-2298e052-0484-4bb0-b2ae-3dfa7895404e>.advgb-column-inner{}}@media screen and (max-width: 767px) {#advgb-col-2298e052-0484-4bb0-b2ae-3dfa7895404e>.advgb-column-inner{}}#advgb-cols-d603e114-c10c-4b7e-91ec-0ba1c2b9fc47{}@media screen and (max-width: 1023px) {#advgb-cols-d603e114-c10c-4b7e-91ec-0ba1c2b9fc47{}}@media screen and (max-width: 767px) {#advgb-cols-d603e114-c10c-4b7e-91ec-0ba1c2b9fc47{}}#advgb-col-005185ae-9f5e-4ece-866f-7b583e1be5cb>.advgb-column-inner{padding-top:5px;padding-right:5px;padding-bottom:5px;padding-left:5px;}#advgb-col-005185ae-9f5e-4ece-866f-7b583e1be5cb{width: 40%;}@media screen and (max-width: 1023px) {#advgb-col-005185ae-9f5e-4ece-866f-7b583e1be5cb>.advgb-column-inner{}}@media screen and (max-width: 767px) {#advgb-col-005185ae-9f5e-4ece-866f-7b583e1be5cb>.advgb-column-inner{}}#advgb-col-a651a568-cc91-409d-8203-33eac97ee237>.advgb-column-inner{padding-top:5px;padding-right:5px;padding-bottom:5px;padding-left:5px;}#advgb-col-a651a568-cc91-409d-8203-33eac97ee237{width: 60%;}@media screen and (max-width: 1023px) {#advgb-col-a651a568-cc91-409d-8203-33eac97ee237>.advgb-column-inner{}}@media screen and (max-width: 767px) {#advgb-col-a651a568-cc91-409d-8203-33eac97ee237>.advgb-column-inner{}}#advgb-col-e3d39c87-3e3e-4325-8d87-0b18e8d15f06>.advgb-column-inner{padding-top:5px;padding-right:5px;padding-bottom:5px;padding-left:5px;}#advgb-col-e3d39c87-3e3e-4325-8d87-0b18e8d15f06{width: 40%;}@media screen and (max-width: 1023px) {#advgb-col-e3d39c87-3e3e-4325-8d87-0b18e8d15f06>.advgb-column-inner{}}@media screen and (max-width: 767px) {#advgb-col-e3d39c87-3e3e-4325-8d87-0b18e8d15f06>.advgb-column-inner{}}#advgb-col-c0d89689-7f86-4ef1-a1e2-baa50a6fc564>.advgb-column-inner{padding-top:5px;padding-right:5px;padding-bottom:5px;padding-left:5px;}#advgb-col-c0d89689-7f86-4ef1-a1e2-baa50a6fc564{width: 60%;}@media screen and (max-width: 1023px) {#advgb-col-c0d89689-7f86-4ef1-a1e2-baa50a6fc564>.advgb-column-inner{}}@media screen and (max-width: 767px) {#advgb-col-c0d89689-7f86-4ef1-a1e2-baa50a6fc564>.advgb-column-inner{}}#advgb-cols-fde1d9f4-8b1b-4af8-99d4-ad5ed1bebb60{}@media screen and (max-width: 1023px) {#advgb-cols-fde1d9f4-8b1b-4af8-99d4-ad5ed1bebb60{}}@media screen and (max-width: 767px) {#advgb-cols-fde1d9f4-8b1b-4af8-99d4-ad5ed1bebb60{}}#advgb-col-e3d39c87-3e3e-4325-8d87-0b18e8d15f06>.advgb-column-inner{padding-top:5px;padding-right:5px;padding-bottom:5px;padding-left:5px;}#advgb-col-e3d39c87-3e3e-4325-8d87-0b18e8d15f06{width: 40%;}@media screen and (max-width: 1023px) {#advgb-col-e3d39c87-3e3e-4325-8d87-0b18e8d15f06>.advgb-column-inner{}}@media screen and (max-width: 767px) {#advgb-col-e3d39c87-3e3e-4325-8d87-0b18e8d15f06>.advgb-column-inner{}}#advgb-col-c0d89689-7f86-4ef1-a1e2-baa50a6fc564>.advgb-column-inner{padding-top:5px;padding-right:5px;padding-bottom:5px;padding-left:5px;}#advgb-col-c0d89689-7f86-4ef1-a1e2-baa50a6fc564{width: 60%;}@media screen and (max-width: 1023px) {#advgb-col-c0d89689-7f86-4ef1-a1e2-baa50a6fc564>.advgb-column-inner{}}@media screen and (max-width: 767px) {#advgb-col-c0d89689-7f86-4ef1-a1e2-baa50a6fc564>.advgb-column-inner{}}#advgb-col-6fd055c7-e237-4901-a212-b572aaf75dc0>.advgb-column-inner{padding-top:10px;padding-right:10px;padding-bottom:10px;padding-left:10px;}#advgb-col-6fd055c7-e237-4901-a212-b572aaf75dc0{width: 0%;}@media screen and (max-width: 1023px) {#advgb-col-6fd055c7-e237-4901-a212-b572aaf75dc0>.advgb-column-inner{}}@media screen and (max-width: 767px) {#advgb-col-6fd055c7-e237-4901-a212-b572aaf75dc0>.advgb-column-inner{}}#advgb-cols-fde1d9f4-8b1b-4af8-99d4-ad5ed1bebb60{}@media screen and (max-width: 1023px) {#advgb-cols-fde1d9f4-8b1b-4af8-99d4-ad5ed1bebb60{}}@media screen and (max-width: 767px) {#advgb-cols-fde1d9f4-8b1b-4af8-99d4-ad5ed1bebb60{}}#advgb-col-e3d39c87-3e3e-4325-8d87-0b18e8d15f06>.advgb-column-inner{padding-top:5px;padding-right:5px;padding-bottom:5px;padding-left:5px;}#advgb-col-e3d39c87-3e3e-4325-8d87-0b18e8d15f06{width: 40%;}@media screen and (max-width: 1023px) {#advgb-col-e3d39c87-3e3e-4325-8d87-0b18e8d15f06>.advgb-column-inner{}}@media screen and (max-width: 767px) {#advgb-col-e3d39c87-3e3e-4325-8d87-0b18e8d15f06>.advgb-column-inner{}}#advgb-col-c0d89689-7f86-4ef1-a1e2-baa50a6fc564>.advgb-column-inner{padding-top:5px;padding-right:5px;padding-bottom:5px;padding-left:5px;}#advgb-col-c0d89689-7f86-4ef1-a1e2-baa50a6fc564{width: 60%;}@media screen and (max-width: 1023px) {#advgb-col-c0d89689-7f86-4ef1-a1e2-baa50a6fc564>.advgb-column-inner{}}@media screen and (max-width: 767px) {#advgb-col-c0d89689-7f86-4ef1-a1e2-baa50a6fc564>.advgb-column-inner{}}#advgb-col-841d20f1-57b6-45e7-b92e-efb7601c4be9>.advgb-column-inner{padding-top:5px;padding-right:5px;padding-bottom:5px;padding-left:5px;}#advgb-col-841d20f1-57b6-45e7-b92e-efb7601c4be9{width: 40%;}@media screen and (max-width: 1023px) {#advgb-col-841d20f1-57b6-45e7-b92e-efb7601c4be9>.advgb-column-inner{}}@media screen and (max-width: 767px) {#advgb-col-841d20f1-57b6-45e7-b92e-efb7601c4be9>.advgb-column-inner{}}#advgb-col-3a0d92c5-f483-4b96-98a1-e50b9e0f3ff8>.advgb-column-inner{padding-top:5px;padding-right:5px;padding-bottom:5px;padding-left:5px;}#advgb-col-3a0d92c5-f483-4b96-98a1-e50b9e0f3ff8{width: 60%;}@media screen and (max-width: 1023px) {#advgb-col-3a0d92c5-f483-4b96-98a1-e50b9e0f3ff8>.advgb-column-inner{}}@media screen and (max-width: 767px) {#advgb-col-3a0d92c5-f483-4b96-98a1-e50b9e0f3ff8>.advgb-column-inner{}}#advgb-cols-b4500551-ed6b-4286-9ada-f640ac30376d{}@media screen and (max-width: 1023px) {#advgb-cols-b4500551-ed6b-4286-9ada-f640ac30376d{}}@media screen and (max-width: 767px) {#advgb-cols-b4500551-ed6b-4286-9ada-f640ac30376d{}}#advgb-col-841d20f1-57b6-45e7-b92e-efb7601c4be9>.advgb-column-inner{padding-top:5px;padding-right:5px;padding-bottom:5px;padding-left:5px;}#advgb-col-841d20f1-57b6-45e7-b92e-efb7601c4be9{width: 40%;}@media screen and (max-width: 1023px) {#advgb-col-841d20f1-57b6-45e7-b92e-efb7601c4be9>.advgb-column-inner{}}@media screen and (max-width: 767px) {#advgb-col-841d20f1-57b6-45e7-b92e-efb7601c4be9>.advgb-column-inner{}}#advgb-col-3a0d92c5-f483-4b96-98a1-e50b9e0f3ff8>.advgb-column-inner{padding-top:5px;padding-right:5px;padding-bottom:5px;padding-left:5px;}#advgb-col-3a0d92c5-f483-4b96-98a1-e50b9e0f3ff8{width: 60%;}@media screen and (max-width: 1023px) {#advgb-col-3a0d92c5-f483-4b96-98a1-e50b9e0f3ff8>.advgb-column-inner{}}@media screen and (max-width: 767px) {#advgb-col-3a0d92c5-f483-4b96-98a1-e50b9e0f3ff8>.advgb-column-inner{}}#advgb-col-223bba9d-a742-41d4-91b8-58a6741a7111>.advgb-column-inner{padding-top:10px;padding-right:10px;padding-bottom:10px;padding-left:10px;}#advgb-col-223bba9d-a742-41d4-91b8-58a6741a7111{width: 0%;}@media screen and (max-width: 1023px) {#advgb-col-223bba9d-a742-41d4-91b8-58a6741a7111>.advgb-column-inner{}}@media screen and (max-width: 767px) {#advgb-col-223bba9d-a742-41d4-91b8-58a6741a7111>.advgb-column-inner{}}#advgb-cols-b4500551-ed6b-4286-9ada-f640ac30376d{}@media screen and (max-width: 1023px) {#advgb-cols-b4500551-ed6b-4286-9ada-f640ac30376d{}}@media screen and (max-width: 767px) {#advgb-cols-b4500551-ed6b-4286-9ada-f640ac30376d{}}#advgb-col-841d20f1-57b6-45e7-b92e-efb7601c4be9>.advgb-column-inner{padding-top:5px;padding-right:5px;padding-bottom:5px;padding-left:5px;}#advgb-col-841d20f1-57b6-45e7-b92e-efb7601c4be9{width: 40%;}@media screen and (max-width: 1023px) {#advgb-col-841d20f1-57b6-45e7-b92e-efb7601c4be9>.advgb-column-inner{}}@media screen and (max-width: 767px) {#advgb-col-841d20f1-57b6-45e7-b92e-efb7601c4be9>.advgb-column-inner{}}#advgb-col-3a0d92c5-f483-4b96-98a1-e50b9e0f3ff8>.advgb-column-inner{padding-top:5px;padding-right:5px;padding-bottom:5px;padding-left:5px;}#advgb-col-3a0d92c5-f483-4b96-98a1-e50b9e0f3ff8{width: 60%;}@media screen and (max-width: 1023px) {#advgb-col-3a0d92c5-f483-4b96-98a1-e50b9e0f3ff8>.advgb-column-inner{}}@media screen and (max-width: 767px) {#advgb-col-3a0d92c5-f483-4b96-98a1-e50b9e0f3ff8>.advgb-column-inner{}}#advgb-cols-e21385f3-9c34-47ef-8108-9ecf5ae40da3{margin-top:20px;margin-bottom:30px;}@media screen and (max-width: 1023px) {#advgb-cols-e21385f3-9c34-47ef-8108-9ecf5ae40da3{}}@media screen and (max-width: 767px) {#advgb-cols-e21385f3-9c34-47ef-8108-9ecf5ae40da3{}}#advgb-col-2298e052-0484-4bb0-b2ae-3dfa7895404e>.advgb-column-inner{margin-top:0px;margin-right:0px;margin-bottom:0px;margin-left:0px;padding-top:10px;padding-right:10px;padding-bottom:10px;padding-left:10px;}#advgb-col-2298e052-0484-4bb0-b2ae-3dfa7895404e{width: 0%;}@media screen and (max-width: 1023px) {#advgb-col-2298e052-0484-4bb0-b2ae-3dfa7895404e>.advgb-column-inner{}}@media screen and (max-width: 767px) {#advgb-col-2298e052-0484-4bb0-b2ae-3dfa7895404e>.advgb-column-inner{}}#advgb-cols-d603e114-c10c-4b7e-91ec-0ba1c2b9fc47{}@media screen and (max-width: 1023px) {#advgb-cols-d603e114-c10c-4b7e-91ec-0ba1c2b9fc47{}}@media screen and (max-width: 767px) {#advgb-cols-d603e114-c10c-4b7e-91ec-0ba1c2b9fc47{}}#advgb-col-005185ae-9f5e-4ece-866f-7b583e1be5cb>.advgb-column-inner{padding-top:5px;padding-right:5px;padding-bottom:5px;padding-left:5px;}#advgb-col-005185ae-9f5e-4ece-866f-7b583e1be5cb{width: 40%;}@media screen and (max-width: 1023px) {#advgb-col-005185ae-9f5e-4ece-866f-7b583e1be5cb>.advgb-column-inner{}}@media screen and (max-width: 767px) {#advgb-col-005185ae-9f5e-4ece-866f-7b583e1be5cb>.advgb-column-inner{}}#advgb-col-a651a568-cc91-409d-8203-33eac97ee237>.advgb-column-inner{padding-top:5px;padding-right:5px;padding-bottom:5px;padding-left:5px;}#advgb-col-a651a568-cc91-409d-8203-33eac97ee237{width: 60%;}@media screen and (max-width: 1023px) {#advgb-col-a651a568-cc91-409d-8203-33eac97ee237>.advgb-column-inner{}}@media screen and (max-width: 767px) {#advgb-col-a651a568-cc91-409d-8203-33eac97ee237>.advgb-column-inner{}}#advgb-col-6fd055c7-e237-4901-a212-b572aaf75dc0>.advgb-column-inner{padding-top:10px;padding-right:10px;padding-bottom:10px;padding-left:10px;}#advgb-col-6fd055c7-e237-4901-a212-b572aaf75dc0{width: 0%;}@media screen and (max-width: 1023px) {#advgb-col-6fd055c7-e237-4901-a212-b572aaf75dc0>.advgb-column-inner{}}@media screen and (max-width: 767px) {#advgb-col-6fd055c7-e237-4901-a212-b572aaf75dc0>.advgb-column-inner{}}#advgb-cols-fde1d9f4-8b1b-4af8-99d4-ad5ed1bebb60{}@media screen and (max-width: 1023px) {#advgb-cols-fde1d9f4-8b1b-4af8-99d4-ad5ed1bebb60{}}@media screen and (max-width: 767px) {#advgb-cols-fde1d9f4-8b1b-4af8-99d4-ad5ed1bebb60{}}#advgb-col-e3d39c87-3e3e-4325-8d87-0b18e8d15f06>.advgb-column-inner{padding-top:5px;padding-right:5px;padding-bottom:5px;padding-left:5px;}#advgb-col-e3d39c87-3e3e-4325-8d87-0b18e8d15f06{width: 40%;}@media screen and (max-width: 1023px) {#advgb-col-e3d39c87-3e3e-4325-8d87-0b18e8d15f06>.advgb-column-inner{}}@media screen and (max-width: 767px) {#advgb-col-e3d39c87-3e3e-4325-8d87-0b18e8d15f06>.advgb-column-inner{}}#advgb-col-c0d89689-7f86-4ef1-a1e2-baa50a6fc564>.advgb-column-inner{padding-top:5px;padding-right:5px;padding-bottom:5px;padding-left:5px;}#advgb-col-c0d89689-7f86-4ef1-a1e2-baa50a6fc564{width: 60%;}@media screen and (max-width: 1023px) {#advgb-col-c0d89689-7f86-4ef1-a1e2-baa50a6fc564>.advgb-column-inner{}}@media screen and (max-width: 767px) {#advgb-col-c0d89689-7f86-4ef1-a1e2-baa50a6fc564>.advgb-column-inner{}}#advgb-col-223bba9d-a742-41d4-91b8-58a6741a7111>.advgb-column-inner{padding-top:10px;padding-right:10px;padding-bottom:10px;padding-left:10px;}#advgb-col-223bba9d-a742-41d4-91b8-58a6741a7111{width: 0%;}@media screen and (max-width: 1023px) {#advgb-col-223bba9d-a742-41d4-91b8-58a6741a7111>.advgb-column-inner{}}@media screen and (max-width: 767px) {#advgb-col-223bba9d-a742-41d4-91b8-58a6741a7111>.advgb-column-inner{}}#advgb-cols-b4500551-ed6b-4286-9ada-f640ac30376d{}@media screen and (max-width: 1023px) {#advgb-cols-b4500551-ed6b-4286-9ada-f640ac30376d{}}@media screen and (max-width: 767px) {#advgb-cols-b4500551-ed6b-4286-9ada-f640ac30376d{}}#advgb-col-841d20f1-57b6-45e7-b92e-efb7601c4be9>.advgb-column-inner{padding-top:5px;padding-right:5px;padding-bottom:5px;padding-left:5px;}#advgb-col-841d20f1-57b6-45e7-b92e-efb7601c4be9{width: 40%;}@media screen and (max-width: 1023px) {#advgb-col-841d20f1-57b6-45e7-b92e-efb7601c4be9>.advgb-column-inner{}}@media screen and (max-width: 767px) {#advgb-col-841d20f1-57b6-45e7-b92e-efb7601c4be9>.advgb-column-inner{}}#advgb-col-3a0d92c5-f483-4b96-98a1-e50b9e0f3ff8>.advgb-column-inner{padding-top:5px;padding-right:5px;padding-bottom:5px;padding-left:5px;}#advgb-col-3a0d92c5-f483-4b96-98a1-e50b9e0f3ff8{width: 60%;}@media screen and (max-width: 1023px) {#advgb-col-3a0d92c5-f483-4b96-98a1-e50b9e0f3ff8>.advgb-column-inner{}}@media screen and (max-width: 767px) {#advgb-col-3a0d92c5-f483-4b96-98a1-e50b9e0f3ff8>.advgb-column-inner{}}<\/style>","protected":false},"excerpt":{"rendered":"","protected":false},"author":1,"featured_media":0,"parent":0,"menu_order":0,"comment_status":"closed","ping_status":"closed","template":"","meta":{"advgb_blocks_editor_width":"","advgb_blocks_columns_visual_guide":"","site-sidebar-layout":"default","site-content-layout":"page-builder","ast-global-header-display":"","ast-main-header-display":"","ast-hfb-above-header-display":"","ast-hfb-below-header-display":"","ast-hfb-mobile-header-display":"","site-post-title":"disabled","ast-breadcrumbs-content":"","ast-featured-img":"","footer-sml-layout":"","theme-transparent-header-meta":"","adv-header-id-meta":"","stick-header-meta":"","header-above-stick-meta":"","header-main-stick-meta":"","header-below-stick-meta":"","footnotes":""},"class_list":["post-13","page","type-page","status-publish","hentry"],"coauthors":[],"author_meta":{"author_link":"https:\/\/pediatriaciep.com.br\/ciep\/author\/adm_ciep\/","display_name":"ADM_Ciep"},"relative_dates":{"created":"Posted 4 anos ago","modified":"Updated 4 anos ago"},"absolute_dates":{"created":"Posted on 22 de agosto de 2022","modified":"Updated on 23 de agosto de 2022"},"absolute_dates_time":{"created":"Posted on 22 de agosto de 2022 21:52","modified":"Updated on 23 de agosto de 2022 12:04"},"featured_img_caption":"","featured_img":false,"series_order":"","uagb_featured_image_src":{"full":false,"thumbnail":false,"medium":false,"medium_large":false,"large":false,"1536x1536":false,"2048x2048":false},"uagb_author_info":{"display_name":"ADM_Ciep","author_link":"https:\/\/pediatriaciep.com.br\/ciep\/author\/adm_ciep\/"},"uagb_comment_info":0,"uagb_excerpt":null,"_links":{"self":[{"href":"https:\/\/pediatriaciep.com.br\/ciep\/wp-json\/wp\/v2\/pages\/13","targetHints":{"allow":["GET"]}}],"collection":[{"href":"https:\/\/pediatriaciep.com.br\/ciep\/wp-json\/wp\/v2\/pages"}],"about":[{"href":"https:\/\/pediatriaciep.com.br\/ciep\/wp-json\/wp\/v2\/types\/page"}],"author":[{"embeddable":true,"href":"https:\/\/pediatriaciep.com.br\/ciep\/wp-json\/wp\/v2\/users\/1"}],"replies":[{"embeddable":true,"href":"https:\/\/pediatriaciep.com.br\/ciep\/wp-json\/wp\/v2\/comments?post=13"}],"version-history":[{"count":19,"href":"https:\/\/pediatriaciep.com.br\/ciep\/wp-json\/wp\/v2\/pages\/13\/revisions"}],"predecessor-version":[{"id":332,"href":"https:\/\/pediatriaciep.com.br\/ciep\/wp-json\/wp\/v2\/pages\/13\/revisions\/332"}],"wp:attachment":[{"href":"https:\/\/pediatriaciep.com.br\/ciep\/wp-json\/wp\/v2\/media?parent=13"}],"curies":[{"name":"wp","href":"https:\/\/api.w.org\/{rel}","templated":true}]}}